{"id":522,"date":"2024-11-28T00:15:17","date_gmt":"2024-11-28T00:15:17","guid":{"rendered":"https:\/\/pinkmalibu.com.br\/?page_id=522"},"modified":"2025-12-17T02:15:08","modified_gmt":"2025-12-17T05:15:08","slug":"sobre-nos","status":"publish","type":"page","link":"https:\/\/pinkmalibu.com.br\/en\/sobre-nos\/","title":{"rendered":"SOBRE N\u00d3S"},"content":{"rendered":"<div data-elementor-type=\"wp-page\" data-elementor-id=\"522\" class=\"elementor elementor-522\">\n\t\t\t\t<div class=\"elementor-element elementor-element-06e3c6a e-flex e-con-boxed jltma-glass-effect-no e-con e-parent\" data-id=\"06e3c6a\" data-element_type=\"container\" data-e-type=\"container\">\n\t\t\t\t\t<div class=\"e-con-inner\">\n\t\t\t\t<div class=\"elementor-element elementor-element-ca702a0 jltma-glass-effect-no elementor-widget elementor-widget-heading\" data-id=\"ca702a0\" data-element_type=\"widget\" data-e-type=\"widget\" data-widget_type=\"heading.default\">\n\t\t\t\t<div class=\"elementor-widget-container\">\n\t\t\t\t\t<h2 class=\"elementor-heading-title elementor-size-default\">SOBRE A PINK MALIBU<\/h2>\t\t\t\t<\/div>\n\t\t\t\t<\/div>\n\t\t\t\t<div class=\"elementor-element elementor-element-288d5e6 jltma-glass-effect-no elementor-widget elementor-widget-text-editor\" data-id=\"288d5e6\" data-element_type=\"widget\" data-e-type=\"widget\" data-widget_type=\"text-editor.default\">\n\t\t\t\t<div class=\"elementor-widget-container\">\n\t\t\t\t\t\t\t\t\t<p data-start=\"213\" data-end=\"469\">A <strong data-start=\"215\" data-end=\"230\">Pink Malibu<\/strong> acredita na magia de despertar mem\u00f3rias e espalhar alegria por meio das <strong data-start=\"302\" data-end=\"340\">bonecas, figuras e acess\u00f3rios colecion\u00e1veis<\/strong>. Somos uma marca em crescimento no universo dos colecion\u00e1veis, registrada e sediada no estado de S\u00e3o Paulo.<\/p><p data-start=\"471\" data-end=\"659\">Nossa loja \u00e9 especializada em <strong data-start=\"501\" data-end=\"559\">bonecas, roupas, acess\u00f3rios e action figures,<\/strong>\u00a0sempre buscando trazer produtos exclusivos, lan\u00e7amentos incr\u00edveis e pre\u00e7os que cabem no seu bolso.<\/p><p data-start=\"661\" data-end=\"893\" data-is-last-node=\"\" data-is-only-node=\"\">Na <strong data-start=\"664\" data-end=\"679\">Pink Malibu<\/strong>, voc\u00ea encontra aquele item especial que faltava na sua prateleira \u2014 ou na sua inf\u00e2ncia!<br data-start=\"767\" data-end=\"770\" \/>Est\u00e1 procurando algo espec\u00edfico? <strong data-start=\"803\" data-end=\"824\">Fale com a gente!<\/strong> Vamos adorar te ajudar a encontrar a pe\u00e7a perfeita para sua cole\u00e7\u00e3o.<\/p>\t\t\t\t\t\t\t\t<\/div>\n\t\t\t\t<\/div>\n\t\t\t\t\t<\/div>\n\t\t\t\t<\/div>\n\t\t<div class=\"elementor-element elementor-element-3c096cd e-flex e-con-boxed jltma-glass-effect-no e-con e-parent\" data-id=\"3c096cd\" data-element_type=\"container\" data-e-type=\"container\">\n\t\t\t\t\t<div class=\"e-con-inner\">\n\t\t\t\t<div class=\"elementor-element elementor-element-bf870a0 elementor-widget__width-initial elementor-widget-tablet__width-auto elementor-fixed jltma-glass-effect-no elementor-widget elementor-widget-button\" data-id=\"bf870a0\" data-element_type=\"widget\" data-e-type=\"widget\" data-settings=\"{&quot;_position&quot;:&quot;fixed&quot;}\" data-widget_type=\"button.default\">\n\t\t\t\t<div class=\"elementor-widget-container\">\n\t\t\t\t\t\t\t\t\t<div class=\"elementor-button-wrapper\">\n\t\t\t\t\t<a class=\"elementor-button elementor-button-link elementor-size-sm\" href=\"https:\/\/wa.me\/5511947297564\" target=\"_blank\" rel=\"noopener\">\n\t\t\t\t\t\t<span class=\"elementor-button-content-wrapper\">\n\t\t\t\t\t\t<span class=\"elementor-button-icon\">\n\t\t\t\t<i aria-hidden=\"true\" class=\"im im-whatsapp\"><\/i>\t\t\t<\/span>\n\t\t\t\t\t\t\t\t<\/span>\n\t\t\t\t\t<\/a>\n\t\t\t\t<\/div>\n\t\t\t\t\t\t\t\t<\/div>\n\t\t\t\t<\/div>\n\t\t\t\t\t<\/div>\n\t\t\t\t<\/div>\n\t\t<div class=\"elementor-element elementor-element-a9a4f5f e-flex e-con-boxed jltma-glass-effect-no e-con e-parent\" data-id=\"a9a4f5f\" data-element_type=\"container\" data-e-type=\"container\">\n\t\t\t\t\t<div class=\"e-con-inner\">\n\t\t\t\t<div class=\"elementor-element elementor-element-a76acbc jltma-glass-effect-no elementor-widget elementor-widget-elementskit-back-to-top\" data-id=\"a76acbc\" data-element_type=\"widget\" data-e-type=\"widget\" data-widget_type=\"elementskit-back-to-top.default\">\n\t\t\t\t<div class=\"elementor-widget-container\">\n\t\t\t\t\t<div class=\"ekit-wid-con\" >\t\t\t<div class=\"ekit-back-to-top-container ekit-btt icon_only\" data-settings=\"{&quot;offset_top&quot;:0,&quot;show_after&quot;:null,&quot;show_scroll&quot;:&quot;&quot;,&quot;style&quot;:&quot;icon_only&quot;,&quot;foreground&quot;:null,&quot;background&quot;:null}\"> \n\t\t\t\t<span class=\"ekit-btt__button\">\n\t\t\t\t\t<svg aria-hidden=\"true\" class=\"e-font-icon-svg e-fas-arrow-up\" viewbox=\"0 0 448 512\" xmlns=\"http:\/\/www.w3.org\/2000\/svg\"><path d=\"M34.9 289.5l-22.2-22.2c-9.4-9.4-9.4-24.6 0-33.9L207 39c9.4-9.4 24.6-9.4 33.9 0l194.3 194.3c9.4 9.4 9.4 24.6 0 33.9L413 289.4c-9.5 9.5-25 9.3-34.3-.4L264 168.6V456c0 13.3-10.7 24-24 24h-32c-13.3 0-24-10.7-24-24V168.6L69.2 289.1c-9.3 9.8-24.8 10-34.3.4z\"><\/path><\/svg>\t\t\t\t<\/span>\n\t\t\t<\/div>\n\t\t<\/div>\t\t\t\t<\/div>\n\t\t\t\t<\/div>\n\t\t\t\t\t<\/div>\n\t\t\t\t<\/div>\n\t\t\t\t<\/div>","protected":false},"excerpt":{"rendered":"<p>SOBRE A PINK MALIBU A Pink Malibu acredita na magia de despertar mem\u00f3rias e espalhar alegria por meio das bonecas, figuras e acess\u00f3rios colecion\u00e1veis. Somos uma marca em crescimento no universo dos colecion\u00e1veis, registrada e sediada no estado de S\u00e3o Paulo. Nossa loja \u00e9 especializada em bonecas, roupas, acess\u00f3rios e action figures,\u00a0sempre buscando trazer produtos [&hellip;]<\/p>\n","protected":false},"author":1,"featured_media":0,"parent":0,"menu_order":0,"comment_status":"closed","ping_status":"closed","template":"","meta":{"footnotes":""},"class_list":["post-522","page","type-page","status-publish","hentry"],"_links":{"self":[{"href":"https:\/\/pinkmalibu.com.br\/en\/wp-json\/wp\/v2\/pages\/522","targetHints":{"allow":["GET"]}}],"collection":[{"href":"https:\/\/pinkmalibu.com.br\/en\/wp-json\/wp\/v2\/pages"}],"about":[{"href":"https:\/\/pinkmalibu.com.br\/en\/wp-json\/wp\/v2\/types\/page"}],"author":[{"embeddable":true,"href":"https:\/\/pinkmalibu.com.br\/en\/wp-json\/wp\/v2\/users\/1"}],"replies":[{"embeddable":true,"href":"https:\/\/pinkmalibu.com.br\/en\/wp-json\/wp\/v2\/comments?post=522"}],"version-history":[{"count":53,"href":"https:\/\/pinkmalibu.com.br\/en\/wp-json\/wp\/v2\/pages\/522\/revisions"}],"predecessor-version":[{"id":6758,"href":"https:\/\/pinkmalibu.com.br\/en\/wp-json\/wp\/v2\/pages\/522\/revisions\/6758"}],"wp:attachment":[{"href":"https:\/\/pinkmalibu.com.br\/en\/wp-json\/wp\/v2\/media?parent=522"}],"curies":[{"name":"wp","href":"https:\/\/api.w.org\/{rel}","templated":true}]}}