{"id":527,"date":"2024-11-28T00:23:19","date_gmt":"2024-11-28T00:23:19","guid":{"rendered":"https:\/\/pinkmalibu.com.br\/?page_id=527"},"modified":"2025-10-26T13:21:47","modified_gmt":"2025-10-26T16:21:47","slug":"sobre-a-pre-venda","status":"publish","type":"page","link":"https:\/\/pinkmalibu.com.br\/en\/sobre-a-pre-venda\/","title":{"rendered":"SOBRE A PR\u00c9-VENDA"},"content":{"rendered":"<div data-elementor-type=\"wp-page\" data-elementor-id=\"527\" class=\"elementor elementor-527\">\n\t\t\t\t<div class=\"elementor-element elementor-element-d52662f e-flex e-con-boxed jltma-glass-effect-no e-con e-parent\" data-id=\"d52662f\" data-element_type=\"container\" data-e-type=\"container\">\n\t\t\t\t\t<div class=\"e-con-inner\">\n\t\t\t\t<div class=\"elementor-element elementor-element-b65104d jltma-glass-effect-no elementor-widget elementor-widget-heading\" data-id=\"b65104d\" data-element_type=\"widget\" data-e-type=\"widget\" data-widget_type=\"heading.default\">\n\t\t\t\t<div class=\"elementor-widget-container\">\n\t\t\t\t\t<h2 class=\"elementor-heading-title elementor-size-default\">SOBRE A PR\u00c9-VENDA \/ ENCOMENDA<\/h2>\t\t\t\t<\/div>\n\t\t\t\t<\/div>\n\t\t\t\t<div class=\"elementor-element elementor-element-f073e51 jltma-glass-effect-no elementor-widget elementor-widget-text-editor\" data-id=\"f073e51\" data-element_type=\"widget\" data-e-type=\"widget\" data-widget_type=\"text-editor.default\">\n\t\t\t\t<div class=\"elementor-widget-container\">\n\t\t\t\t\t\t\t\t\t<p><strong>Como funciona a Pr\u00e9-Venda da Pink Malibu?<\/strong><\/p><p>A Pr\u00e9-Venda da Pink Malibu \u00e9 um sistema de encomendas que permite que voc\u00ea garanta sua Doll mesmo que ela n\u00e3o esteja dispon\u00edvel a pronta entrega. Voc\u00ea faz o pedido e dentro de 60 dias n\u00f3s trazemos seu produto sem nenhuma taxa adicional. O processo \u00e9 r\u00e1pido e seguro, com diversas op\u00e7\u00f5es, como lan\u00e7amentos e itens raros.<br \/><br \/>Alguns produtos podem apresentar um prazo de envio maior. A previs\u00e3o de envio est\u00e1 sempre vis\u00edvel na p\u00e1gina de produto, normalmente entre o t\u00edtulo e o bot\u00e3o comprar.<\/p><p>Os produtos s\u00e3o exclusivos, com pre\u00e7os especiais e condi\u00e7\u00f5es de pagamento facilitadas. Garantimos a entrega e suporte ao longo de todo o processo.<\/p><p><strong>Perguntas Frequentes:<\/strong><\/p><ul><li><p><strong>Por que o prazo de entrega \u00e9 de at\u00e9 60 dias?<\/strong><br \/>Normalmente esse \u00e9 o prazo m\u00e1ximo para a disponibilidade dos produtos em nosso estoque. Caso o produto chegue antes entramos em contato para verificar se o envio antecipado pode ser feito.<\/p><\/li><li><p><strong>De onde o produto ser\u00e1 enviado?<\/strong><br \/>Todas as encomendas s\u00e3o enviadas de S\u00e3o Paulo, SP.<\/p><\/li><li><p><strong>Vou pagar algum valor adicional como taxa de importa\u00e7\u00e3o?<\/strong><br \/>N\u00e3o, n\u00f3s cobrimos qualquer custo ou taxa de importa\u00e7\u00e3o. Voc\u00ea s\u00f3 vai pagar o valor do produto e o frete saindo de SP, o resto \u00e9 com a gente =)\u00a0<\/p><\/li><li><p><strong>E o c\u00f3digo de rastreio?<\/strong><br \/>Voc\u00ea ter\u00e1 acesso ao c\u00f3digo assim que o produto for enviado do armaz\u00e9m da loja para a sua casa.<\/p><\/li><li><p><strong>Posso cancelar meu pedido?<\/strong><br \/>Sim, voc\u00ea pode cancelar sem taxas, dentro de 7 dias ap\u00f3s a compra.<\/p><\/li><\/ul>\t\t\t\t\t\t\t\t<\/div>\n\t\t\t\t<\/div>\n\t\t\t\t\t<\/div>\n\t\t\t\t<\/div>\n\t\t<div class=\"elementor-element elementor-element-5457cb5 e-flex e-con-boxed jltma-glass-effect-no e-con e-parent\" data-id=\"5457cb5\" data-element_type=\"container\" data-e-type=\"container\">\n\t\t\t\t\t<div class=\"e-con-inner\">\n\t\t\t\t<div class=\"elementor-element elementor-element-2cf392d elementor-widget__width-initial elementor-widget-tablet__width-auto elementor-fixed jltma-glass-effect-no elementor-widget elementor-widget-button\" data-id=\"2cf392d\" data-element_type=\"widget\" data-e-type=\"widget\" data-settings=\"{&quot;_position&quot;:&quot;fixed&quot;}\" data-widget_type=\"button.default\">\n\t\t\t\t<div class=\"elementor-widget-container\">\n\t\t\t\t\t\t\t\t\t<div class=\"elementor-button-wrapper\">\n\t\t\t\t\t<a class=\"elementor-button elementor-button-link elementor-size-sm\" href=\"https:\/\/wa.me\/5511947297564\" target=\"_blank\" rel=\"noopener\">\n\t\t\t\t\t\t<span class=\"elementor-button-content-wrapper\">\n\t\t\t\t\t\t<span class=\"elementor-button-icon\">\n\t\t\t\t<i aria-hidden=\"true\" class=\"im im-whatsapp\"><\/i>\t\t\t<\/span>\n\t\t\t\t\t\t\t\t<\/span>\n\t\t\t\t\t<\/a>\n\t\t\t\t<\/div>\n\t\t\t\t\t\t\t\t<\/div>\n\t\t\t\t<\/div>\n\t\t\t\t\t<\/div>\n\t\t\t\t<\/div>\n\t\t<div class=\"elementor-element elementor-element-574483c e-flex e-con-boxed jltma-glass-effect-no e-con e-parent\" data-id=\"574483c\" data-element_type=\"container\" data-e-type=\"container\">\n\t\t\t\t\t<div class=\"e-con-inner\">\n\t\t\t\t<div class=\"elementor-element elementor-element-89f22c1 jltma-glass-effect-no elementor-widget elementor-widget-elementskit-back-to-top\" data-id=\"89f22c1\" data-element_type=\"widget\" data-e-type=\"widget\" data-widget_type=\"elementskit-back-to-top.default\">\n\t\t\t\t<div class=\"elementor-widget-container\">\n\t\t\t\t\t<div class=\"ekit-wid-con\" >\t\t\t<div class=\"ekit-back-to-top-container ekit-btt icon_only\" data-settings=\"{&quot;offset_top&quot;:0,&quot;show_after&quot;:null,&quot;show_scroll&quot;:&quot;&quot;,&quot;style&quot;:&quot;icon_only&quot;,&quot;foreground&quot;:null,&quot;background&quot;:null}\"> \n\t\t\t\t<span class=\"ekit-btt__button\">\n\t\t\t\t\t<svg aria-hidden=\"true\" class=\"e-font-icon-svg e-fas-arrow-up\" viewbox=\"0 0 448 512\" xmlns=\"http:\/\/www.w3.org\/2000\/svg\"><path d=\"M34.9 289.5l-22.2-22.2c-9.4-9.4-9.4-24.6 0-33.9L207 39c9.4-9.4 24.6-9.4 33.9 0l194.3 194.3c9.4 9.4 9.4 24.6 0 33.9L413 289.4c-9.5 9.5-25 9.3-34.3-.4L264 168.6V456c0 13.3-10.7 24-24 24h-32c-13.3 0-24-10.7-24-24V168.6L69.2 289.1c-9.3 9.8-24.8 10-34.3.4z\"><\/path><\/svg>\t\t\t\t<\/span>\n\t\t\t<\/div>\n\t\t<\/div>\t\t\t\t<\/div>\n\t\t\t\t<\/div>\n\t\t\t\t\t<\/div>\n\t\t\t\t<\/div>\n\t\t\t\t<\/div>","protected":false},"excerpt":{"rendered":"<p>SOBRE A PR\u00c9-VENDA \/ ENCOMENDA Como funciona a Pr\u00e9-Venda da Pink Malibu? A Pr\u00e9-Venda da Pink Malibu \u00e9 um sistema de encomendas que permite que voc\u00ea garanta sua Doll mesmo que ela n\u00e3o esteja dispon\u00edvel a pronta entrega. Voc\u00ea faz o pedido e dentro de 60 dias n\u00f3s trazemos seu produto sem nenhuma taxa adicional. [&hellip;]<\/p>\n","protected":false},"author":1,"featured_media":0,"parent":0,"menu_order":0,"comment_status":"closed","ping_status":"closed","template":"","meta":{"footnotes":""},"class_list":["post-527","page","type-page","status-publish","hentry"],"_links":{"self":[{"href":"https:\/\/pinkmalibu.com.br\/en\/wp-json\/wp\/v2\/pages\/527","targetHints":{"allow":["GET"]}}],"collection":[{"href":"https:\/\/pinkmalibu.com.br\/en\/wp-json\/wp\/v2\/pages"}],"about":[{"href":"https:\/\/pinkmalibu.com.br\/en\/wp-json\/wp\/v2\/types\/page"}],"author":[{"embeddable":true,"href":"https:\/\/pinkmalibu.com.br\/en\/wp-json\/wp\/v2\/users\/1"}],"replies":[{"embeddable":true,"href":"https:\/\/pinkmalibu.com.br\/en\/wp-json\/wp\/v2\/comments?post=527"}],"version-history":[{"count":56,"href":"https:\/\/pinkmalibu.com.br\/en\/wp-json\/wp\/v2\/pages\/527\/revisions"}],"predecessor-version":[{"id":6503,"href":"https:\/\/pinkmalibu.com.br\/en\/wp-json\/wp\/v2\/pages\/527\/revisions\/6503"}],"wp:attachment":[{"href":"https:\/\/pinkmalibu.com.br\/en\/wp-json\/wp\/v2\/media?parent=527"}],"curies":[{"name":"wp","href":"https:\/\/api.w.org\/{rel}","templated":true}]}}