{"id":7124,"date":"2026-03-01T14:37:03","date_gmt":"2026-03-01T17:37:03","guid":{"rendered":"https:\/\/pinkmalibu.com.br\/?page_id=7124"},"modified":"2026-03-07T02:58:54","modified_gmt":"2026-03-07T05:58:54","slug":"monster-high-skullector","status":"publish","type":"page","link":"https:\/\/pinkmalibu.com.br\/en\/monster-high-skullector\/","title":{"rendered":"MONSTER HIGH &#8211; SKULLECTOR"},"content":{"rendered":"<div data-elementor-type=\"wp-page\" data-elementor-id=\"7124\" class=\"elementor elementor-7124\">\n\t\t\t\t<div class=\"elementor-element elementor-element-408f814 e-flex e-con-boxed jltma-glass-effect-no e-con e-parent\" data-id=\"408f814\" data-element_type=\"container\" data-e-type=\"container\">\n\t\t\t\t\t<div class=\"e-con-inner\">\n\t\t\t\t<div class=\"elementor-element elementor-element-67f36a9 elementor-widget-divider--view-line_text elementor-widget-divider--separator-type-pattern elementor-widget-divider--element-align-center jltma-glass-effect-no elementor-widget elementor-widget-divider\" data-id=\"67f36a9\" data-element_type=\"widget\" data-e-type=\"widget\" data-widget_type=\"divider.default\">\n\t\t\t\t<div class=\"elementor-widget-container\">\n\t\t\t\t\t\t\t<div class=\"elementor-divider\" style=\"--divider-pattern-url: url(&quot;data:image\/svg+xml,%3Csvg xmlns=&#039;http:\/\/www.w3.org\/2000\/svg&#039; preserveAspectRatio=&#039;none&#039; overflow=&#039;visible&#039; height=&#039;100%&#039; viewBox=&#039;0 0 24 24&#039; fill=&#039;none&#039; stroke=&#039;black&#039; stroke-width=&#039;5&#039; stroke-linecap=&#039;square&#039; stroke-miterlimit=&#039;10&#039;%3E%3Cpath d=&#039;M0,6c6,0,6,13,12,13S18,6,24,6&#039;\/%3E%3C\/svg%3E&quot;);\">\n\t\t\t<span class=\"elementor-divider-separator\">\n\t\t\t\t\t\t\t<h1 class=\"elementor-divider__text elementor-divider__element\">\n\t\t\t\tMONSTER HIGH SKULLECTOR\t\t\t\t<\/h1>\n\t\t\t\t\t\t<\/span>\n\t\t<\/div>\n\t\t\t\t\t\t<\/div>\n\t\t\t\t<\/div>\n\t\t\t\t<div class=\"elementor-element elementor-element-cdebd21 jltma-glass-effect-no elementor-widget elementor-widget-shortcode\" data-id=\"cdebd21\" data-element_type=\"widget\" data-e-type=\"widget\" data-widget_type=\"shortcode.default\">\n\t\t\t\t<div class=\"elementor-widget-container\">\n\t\t\t\t\t\t\t<div class=\"elementor-shortcode\"><div class=\"woocommerce columns-4\"><ul class=\"products columns-4\">\n<li class=\"product type-product post-7320 status-publish first instock product_cat-cat-lancamentos product_cat-cat-mh product_cat-cat-mh-skull product_cat-cat-novidades product_cat-cat-promocao product_cat-produtos product_tag-encomenda has-post-thumbnail shipping-taxable purchasable product-type-simple\">\n\t<a href=\"https:\/\/pinkmalibu.com.br\/en\/product\/monster-high-x-wednesday-morticia-addams\/\" class=\"woocommerce-LoopProduct-link woocommerce-loop-product__link\"><img fetchpriority=\"high\" decoding=\"async\" width=\"300\" height=\"300\" src=\"https:\/\/pinkmalibu.com.br\/wp-content\/uploads\/2026\/03\/morticia-wednesday-1-300x300.jpg\" class=\"attachment-woocommerce_thumbnail size-woocommerce_thumbnail\" alt=\"Monster High x Wednesday Mort\u00edcia Addams Skullector \u2013 Monster High PR\u00c9-VENDA\" srcset=\"https:\/\/pinkmalibu.com.br\/wp-content\/uploads\/2026\/03\/morticia-wednesday-1-300x300.jpg 300w, https:\/\/pinkmalibu.com.br\/wp-content\/uploads\/2026\/03\/morticia-wednesday-1-312x312.jpg 312w, https:\/\/pinkmalibu.com.br\/wp-content\/uploads\/2026\/03\/morticia-wednesday-1-768x768.jpg 768w, https:\/\/pinkmalibu.com.br\/wp-content\/uploads\/2026\/03\/morticia-wednesday-1-12x12.jpg 12w, https:\/\/pinkmalibu.com.br\/wp-content\/uploads\/2026\/03\/morticia-wednesday-1-800x800.jpg 800w, https:\/\/pinkmalibu.com.br\/wp-content\/uploads\/2026\/03\/morticia-wednesday-1-100x100.jpg 100w, https:\/\/pinkmalibu.com.br\/wp-content\/uploads\/2026\/03\/morticia-wednesday-1-64x64.jpg 64w, https:\/\/pinkmalibu.com.br\/wp-content\/uploads\/2026\/03\/morticia-wednesday-1.jpg 900w\" sizes=\"(max-width: 300px) 100vw, 300px\" \/><h2 class=\"woocommerce-loop-product__title\">Monster High x Wednesday Mort\u00edcia Addams Skullector \u2013 Monster High PR\u00c9-VENDA<\/h2>\n\t<span class=\"price\">\r\n\t\t<div class=\"woo-custom-installments-group\">\r\n\t\t\t\r\n\t\t\t\r\n\t\t\t<div class=\"woo-custom-installments-group-main-price\">\r\n\t\t\t\t<i class=\"wci-icon-price icon-class fa-brands fa-pix \u200e\"><\/i>\t\t\t\t\t\t<span class=\"woo-custom-installments-price\"><span class=\"woocommerce-Price-amount amount\"><bdi><span class=\"woocommerce-Price-currencySymbol\">&#82;&#36;<\/span>&nbsp;485,00<\/bdi><\/span><\/span>\r\n\t\t\t\t\t\t\t\t<\/div>\r\n\r\n\t\t\t <span class=\"woo-custom-installments-card-container\"><span class=\"woo-custom-installments-details-with-fee\" data-end-installments=\"12\"><i class=\"wci-icon-best-installments icon-class\"><\/i><span class=\"best-value fee-included\">Em at\u00e9 12x de <span class=\"woocommerce-Price-amount amount\"><bdi><span class=\"woocommerce-Price-currencySymbol\">&#82;&#36;<\/span>&nbsp;43,09<\/bdi><\/span> <\/span><\/span> <\/span>\t\t<\/div>\r\n\r\n\t\t<\/span>\n<\/a><a href=\"\/en\/wp-json\/wp\/v2\/pages\/7124?add-to-cart=7320\" data-quantity=\"1\" class=\"button product_type_simple add_to_cart_button ajax_add_to_cart\" data-product_id=\"7320\" data-product_sku=\"\" aria-label=\"Add to cart: \u201cMonster High x Wednesday Mort\u00edcia Addams Skullector \u2013 Monster High PR\u00c9-VENDA\u201d\" rel=\"nofollow\" data-success_message=\"\u201cMonster High x Wednesday Mort\u00edcia Addams Skullector \u2013 Monster High PR\u00c9-VENDA\u201d has been added to your cart\" role=\"button\" style=\"background-color: #FF5193 !important; color: #ffffff !important; border: none !important; padding: 10px 15px !important; border-radius: 12px !important; font-weight: 700 !important; text-transform: uppercase !important; margin: 10px auto !important; display: block !important; width: 90% !important; text-align: center !important;\" data-no-translation=\"\" data-trp-gettext=\"\" data-no-translation-aria-label=\"\" data-no-translation-data-success_message=\"\">Add to cart<\/a>\t<span id=\"woocommerce_loop_add_to_cart_link_describedby_7320\" class=\"screen-reader-text\">\n\t\t\t<\/span>\n<\/li>\n<li class=\"product type-product post-6418 status-publish instock product_cat-cat-lancamentos product_cat-cat-mh product_cat-cat-mh-skull product_cat-cat-novidades product_cat-cat-promocao product_cat-produtos product_tag-encomenda has-post-thumbnail shipping-taxable purchasable product-type-simple\">\n\t<a href=\"https:\/\/pinkmalibu.com.br\/en\/product\/monster-high-skullector-us-adelaide-red\/\" class=\"woocommerce-LoopProduct-link woocommerce-loop-product__link\"><img decoding=\"async\" width=\"300\" height=\"300\" src=\"https:\/\/pinkmalibu.com.br\/wp-content\/uploads\/2025\/12\/us-1-300x300.jpg\" class=\"attachment-woocommerce_thumbnail size-woocommerce_thumbnail\" alt=\"Skullector Us Dolls \u2013 Adelaide and Red 2-Pack \u2013 Monster High PR\u00c9-VENDA\" srcset=\"https:\/\/pinkmalibu.com.br\/wp-content\/uploads\/2025\/12\/us-1-300x300.jpg 300w, https:\/\/pinkmalibu.com.br\/wp-content\/uploads\/2025\/12\/us-1-312x312.jpg 312w, https:\/\/pinkmalibu.com.br\/wp-content\/uploads\/2025\/12\/us-1-768x768.jpg 768w, https:\/\/pinkmalibu.com.br\/wp-content\/uploads\/2025\/12\/us-1-12x12.jpg 12w, https:\/\/pinkmalibu.com.br\/wp-content\/uploads\/2025\/12\/us-1-800x800.jpg 800w, https:\/\/pinkmalibu.com.br\/wp-content\/uploads\/2025\/12\/us-1-100x100.jpg 100w, https:\/\/pinkmalibu.com.br\/wp-content\/uploads\/2025\/12\/us-1-64x64.jpg 64w, https:\/\/pinkmalibu.com.br\/wp-content\/uploads\/2025\/12\/us-1.jpg 900w\" sizes=\"(max-width: 300px) 100vw, 300px\" \/><h2 class=\"woocommerce-loop-product__title\">Skullector Us Dolls \u2013 Adelaide and Red 2-Pack \u2013 Monster High PR\u00c9-VENDA<\/h2>\n\t<span class=\"price\">\r\n\t\t<div class=\"woo-custom-installments-group\">\r\n\t\t\t\r\n\t\t\t\r\n\t\t\t<div class=\"woo-custom-installments-group-main-price\">\r\n\t\t\t\t<i class=\"wci-icon-price icon-class fa-brands fa-pix \u200e\"><\/i>\t\t\t\t\t\t<span class=\"woo-custom-installments-price\"><span class=\"woocommerce-Price-amount amount\"><bdi><span class=\"woocommerce-Price-currencySymbol\">&#82;&#36;<\/span>&nbsp;795,00<\/bdi><\/span><\/span>\r\n\t\t\t\t\t\t\t\t<\/div>\r\n\r\n\t\t\t <span class=\"woo-custom-installments-card-container\"><span class=\"woo-custom-installments-details-with-fee\" data-end-installments=\"12\"><i class=\"wci-icon-best-installments icon-class\"><\/i><span class=\"best-value fee-included\">Em at\u00e9 12x de <span class=\"woocommerce-Price-amount amount\"><bdi><span class=\"woocommerce-Price-currencySymbol\">&#82;&#36;<\/span>&nbsp;70,63<\/bdi><\/span> <\/span><\/span> <\/span>\t\t<\/div>\r\n\r\n\t\t<\/span>\n<\/a><a href=\"\/en\/wp-json\/wp\/v2\/pages\/7124?add-to-cart=6418\" data-quantity=\"1\" class=\"button product_type_simple add_to_cart_button ajax_add_to_cart\" data-product_id=\"6418\" data-product_sku=\"\" aria-label=\"Add to cart: \u201cSkullector Us Dolls \u2013 Adelaide and Red 2-Pack \u2013 Monster High PR\u00c9-VENDA\u201d\" rel=\"nofollow\" data-success_message=\"\u201cSkullector Us Dolls \u2013 Adelaide and Red 2-Pack \u2013 Monster High PR\u00c9-VENDA\u201d has been added to your cart\" role=\"button\" style=\"background-color: #FF5193 !important; color: #ffffff !important; border: none !important; padding: 10px 15px !important; border-radius: 12px !important; font-weight: 700 !important; text-transform: uppercase !important; margin: 10px auto !important; display: block !important; width: 90% !important; text-align: center !important;\" data-no-translation=\"\" data-trp-gettext=\"\" data-no-translation-aria-label=\"\" data-no-translation-data-success_message=\"\">Add to cart<\/a>\t<span id=\"woocommerce_loop_add_to_cart_link_describedby_6418\" class=\"screen-reader-text\">\n\t\t\t<\/span>\n<\/li>\n<\/ul>\n<\/div><\/div>\n\t\t\t\t\t\t<\/div>\n\t\t\t\t<\/div>\n\t\t\t\t\t<\/div>\n\t\t\t\t<\/div>\n\t\t<div class=\"elementor-element elementor-element-e7a569a e-flex e-con-boxed jltma-glass-effect-no e-con e-parent\" data-id=\"e7a569a\" data-element_type=\"container\" data-e-type=\"container\">\n\t\t\t\t\t<div class=\"e-con-inner\">\n\t\t\t\t<div class=\"elementor-element elementor-element-d4d28b7 elementor-widget__width-initial elementor-widget-tablet__width-auto elementor-fixed jltma-glass-effect-no elementor-widget elementor-widget-button\" data-id=\"d4d28b7\" data-element_type=\"widget\" data-e-type=\"widget\" data-settings=\"{&quot;_position&quot;:&quot;fixed&quot;}\" data-widget_type=\"button.default\">\n\t\t\t\t<div class=\"elementor-widget-container\">\n\t\t\t\t\t\t\t\t\t<div class=\"elementor-button-wrapper\">\n\t\t\t\t\t<a class=\"elementor-button elementor-button-link elementor-size-sm\" href=\"https:\/\/wa.me\/5511947297564\" target=\"_blank\" rel=\"noopener\">\n\t\t\t\t\t\t<span class=\"elementor-button-content-wrapper\">\n\t\t\t\t\t\t<span class=\"elementor-button-icon\">\n\t\t\t\t<i aria-hidden=\"true\" class=\"im im-whatsapp\"><\/i>\t\t\t<\/span>\n\t\t\t\t\t\t\t\t<\/span>\n\t\t\t\t\t<\/a>\n\t\t\t\t<\/div>\n\t\t\t\t\t\t\t\t<\/div>\n\t\t\t\t<\/div>\n\t\t\t\t\t<\/div>\n\t\t\t\t<\/div>\n\t\t<div class=\"elementor-element elementor-element-80be628 e-flex e-con-boxed jltma-glass-effect-no e-con e-parent\" data-id=\"80be628\" data-element_type=\"container\" data-e-type=\"container\">\n\t\t\t\t\t<div class=\"e-con-inner\">\n\t\t\t\t<div class=\"elementor-element elementor-element-b3e3ccd jltma-glass-effect-no elementor-widget elementor-widget-elementskit-back-to-top\" data-id=\"b3e3ccd\" data-element_type=\"widget\" data-e-type=\"widget\" data-widget_type=\"elementskit-back-to-top.default\">\n\t\t\t\t<div class=\"elementor-widget-container\">\n\t\t\t\t\t<div class=\"ekit-wid-con\" >\t\t\t<div class=\"ekit-back-to-top-container ekit-btt icon_only\" data-settings=\"{&quot;offset_top&quot;:0,&quot;show_after&quot;:null,&quot;show_scroll&quot;:&quot;&quot;,&quot;style&quot;:&quot;icon_only&quot;,&quot;foreground&quot;:null,&quot;background&quot;:null}\"> \n\t\t\t\t<span class=\"ekit-btt__button\">\n\t\t\t\t\t<svg aria-hidden=\"true\" class=\"e-font-icon-svg e-fas-arrow-up\" viewbox=\"0 0 448 512\" xmlns=\"http:\/\/www.w3.org\/2000\/svg\"><path d=\"M34.9 289.5l-22.2-22.2c-9.4-9.4-9.4-24.6 0-33.9L207 39c9.4-9.4 24.6-9.4 33.9 0l194.3 194.3c9.4 9.4 9.4 24.6 0 33.9L413 289.4c-9.5 9.5-25 9.3-34.3-.4L264 168.6V456c0 13.3-10.7 24-24 24h-32c-13.3 0-24-10.7-24-24V168.6L69.2 289.1c-9.3 9.8-24.8 10-34.3.4z\"><\/path><\/svg>\t\t\t\t<\/span>\n\t\t\t<\/div>\n\t\t<\/div>\t\t\t\t<\/div>\n\t\t\t\t<\/div>\n\t\t\t\t\t<\/div>\n\t\t\t\t<\/div>\n\t\t<div class=\"elementor-element elementor-element-d6fa1f9 e-flex e-con-boxed jltma-glass-effect-no e-con e-parent\" data-id=\"d6fa1f9\" data-element_type=\"container\" data-e-type=\"container\">\n\t\t\t\t\t<div class=\"e-con-inner\">\n\t\t\t\t<div class=\"elementor-element elementor-element-aa460f5 jltma-glass-effect-no elementor-widget elementor-widget-text-editor\" data-id=\"aa460f5\" data-element_type=\"widget\" data-e-type=\"widget\" data-widget_type=\"text-editor.default\">\n\t\t\t\t<div class=\"elementor-widget-container\">\n\t\t\t\t\t\t\t\t\t<p data-start=\"2625\" data-end=\"2652\"><strong data-start=\"2625\" data-end=\"2652\">Monster High Skullector<\/strong><\/p><p data-start=\"2654\" data-end=\"2849\">A linha Monster High Skullector re\u00fane bonecas colecion\u00e1veis inspiradas em personagens ic\u00f4nicos da cultura pop e do cinema. Essas edi\u00e7\u00f5es especiais s\u00e3o voltadas principalmente para colecionadores.<\/p><p data-start=\"2851\" data-end=\"3081\">Entre os lan\u00e7amentos da linha Skullector est\u00e3o bonecas inspiradas em filmes e personagens famosos, muitas vezes lan\u00e7adas em quantidades limitadas. Na Pink Malibu voc\u00ea encontra diferentes modelos da cole\u00e7\u00e3o Monster High Skullector.<\/p>\t\t\t\t\t\t\t\t<\/div>\n\t\t\t\t<\/div>\n\t\t\t\t\t<\/div>\n\t\t\t\t<\/div>\n\t\t\t\t<\/div>","protected":false},"excerpt":{"rendered":"<p>MONSTER HIGH SKULLECTOR Monster High Skullector A linha Monster High Skullector re\u00fane bonecas colecion\u00e1veis inspiradas em personagens ic\u00f4nicos da cultura pop e do cinema. Essas edi\u00e7\u00f5es especiais s\u00e3o voltadas principalmente para colecionadores. Entre os lan\u00e7amentos da linha Skullector est\u00e3o bonecas inspiradas em filmes e personagens famosos, muitas vezes lan\u00e7adas em quantidades limitadas. Na Pink Malibu [&hellip;]<\/p>\n","protected":false},"author":1,"featured_media":0,"parent":0,"menu_order":0,"comment_status":"closed","ping_status":"closed","template":"","meta":{"footnotes":""},"class_list":["post-7124","page","type-page","status-publish","hentry"],"_links":{"self":[{"href":"https:\/\/pinkmalibu.com.br\/en\/wp-json\/wp\/v2\/pages\/7124","targetHints":{"allow":["GET"]}}],"collection":[{"href":"https:\/\/pinkmalibu.com.br\/en\/wp-json\/wp\/v2\/pages"}],"about":[{"href":"https:\/\/pinkmalibu.com.br\/en\/wp-json\/wp\/v2\/types\/page"}],"author":[{"embeddable":true,"href":"https:\/\/pinkmalibu.com.br\/en\/wp-json\/wp\/v2\/users\/1"}],"replies":[{"embeddable":true,"href":"https:\/\/pinkmalibu.com.br\/en\/wp-json\/wp\/v2\/comments?post=7124"}],"version-history":[{"count":13,"href":"https:\/\/pinkmalibu.com.br\/en\/wp-json\/wp\/v2\/pages\/7124\/revisions"}],"predecessor-version":[{"id":7544,"href":"https:\/\/pinkmalibu.com.br\/en\/wp-json\/wp\/v2\/pages\/7124\/revisions\/7544"}],"wp:attachment":[{"href":"https:\/\/pinkmalibu.com.br\/en\/wp-json\/wp\/v2\/media?parent=7124"}],"curies":[{"name":"wp","href":"https:\/\/api.w.org\/{rel}","templated":true}]}}