{"id":8,"date":"2024-11-25T18:15:00","date_gmt":"2024-11-25T18:15:00","guid":{"rendered":"http:\/\/pinkmalibu.com.br\/?page_id=8"},"modified":"2025-12-02T13:21:29","modified_gmt":"2025-12-02T16:21:29","slug":"minha-conta","status":"publish","type":"page","link":"https:\/\/pinkmalibu.com.br\/en\/minha-conta\/","title":{"rendered":"MINHA CONTA"},"content":{"rendered":"<div data-elementor-type=\"wp-page\" data-elementor-id=\"8\" class=\"elementor elementor-8\">\n\t\t\t\t<!-- dce invisible element 61c67d1 --><!-- dce invisible element c6e7270 --><!-- dce invisible element 5626a10 --><!-- dce invisible element 91cbe79 --><!-- dce invisible element 1de4913 --><div class=\"elementor-element elementor-element-b547582 e-flex e-con-boxed jltma-glass-effect-no e-con e-parent\" data-id=\"b547582\" data-element_type=\"container\" data-e-type=\"container\">\n\t\t\t\t\t<div class=\"e-con-inner\">\n\t\t\t\t<div class=\"elementor-element elementor-element-3c508bd jltma-glass-effect-no elementor-widget elementor-widget-shortcode\" data-id=\"3c508bd\" data-element_type=\"widget\" data-e-type=\"widget\" data-widget_type=\"shortcode.default\">\n\t\t\t\t<div class=\"elementor-widget-container\">\n\t\t\t\t\t\t\t<div class=\"elementor-shortcode\"><div class=\"woocommerce\"><\/div><\/div>\n\t\t\t\t\t\t<\/div>\n\t\t\t\t<\/div>\n\t\t\t\t\t<\/div>\n\t\t\t\t<\/div>\n\t\t<div class=\"elementor-element elementor-element-83253ef e-flex e-con-boxed jltma-glass-effect-no e-con e-parent\" data-id=\"83253ef\" data-element_type=\"container\" data-e-type=\"container\">\n\t\t\t\t\t<div class=\"e-con-inner\">\n\t\t\t\t<div class=\"elementor-element elementor-element-fc37c5f jltma-glass-effect-no elementor-widget elementor-widget-elementskit-back-to-top\" data-id=\"fc37c5f\" data-element_type=\"widget\" data-e-type=\"widget\" data-widget_type=\"elementskit-back-to-top.default\">\n\t\t\t\t<div class=\"elementor-widget-container\">\n\t\t\t\t\t<div class=\"ekit-wid-con\" >\t\t\t<div class=\"ekit-back-to-top-container ekit-btt icon_only\" data-settings=\"{&quot;offset_top&quot;:0,&quot;show_after&quot;:null,&quot;show_scroll&quot;:&quot;&quot;,&quot;style&quot;:&quot;icon_only&quot;,&quot;foreground&quot;:null,&quot;background&quot;:null}\"> \n\t\t\t\t<span class=\"ekit-btt__button\">\n\t\t\t\t\t<svg aria-hidden=\"true\" class=\"e-font-icon-svg e-fas-arrow-up\" viewbox=\"0 0 448 512\" xmlns=\"http:\/\/www.w3.org\/2000\/svg\"><path d=\"M34.9 289.5l-22.2-22.2c-9.4-9.4-9.4-24.6 0-33.9L207 39c9.4-9.4 24.6-9.4 33.9 0l194.3 194.3c9.4 9.4 9.4 24.6 0 33.9L413 289.4c-9.5 9.5-25 9.3-34.3-.4L264 168.6V456c0 13.3-10.7 24-24 24h-32c-13.3 0-24-10.7-24-24V168.6L69.2 289.1c-9.3 9.8-24.8 10-34.3.4z\"><\/path><\/svg>\t\t\t\t<\/span>\n\t\t\t<\/div>\n\t\t<\/div>\t\t\t\t<\/div>\n\t\t\t\t<\/div>\n\t\t\t\t\t<\/div>\n\t\t\t\t<\/div>\n\t\t\t\t<\/div>","protected":false},"excerpt":{"rendered":"<p>PEDIDOS CONTA DETALHES ENDERE\u00c7OS AFILIADO SAIR PEDIDOS CONTA DETALHES ENDERE\u00c7OS AFILIADO SAIR \u26a0\ufe0f ATEN\u00c7\u00c3O! Se precisar alterar ou corrigir o endere\u00e7o de entrega, entre em contato conosco pelo WhatsApp para evitar erros na etiqueta de envio \u26a0\ufe0f &#8211; CLIQUE AQUI PARA FALAR CONOSCO &#8211; (11) 94729-7564 \u26a0\ufe0f ATEN\u00c7\u00c3O! Se precisar alterar ou corrigir o endere\u00e7o [&hellip;]<\/p>\n","protected":false},"author":1,"featured_media":0,"parent":0,"menu_order":0,"comment_status":"closed","ping_status":"closed","template":"elementor_header_footer","meta":{"footnotes":""},"class_list":["post-8","page","type-page","status-publish","hentry"],"_links":{"self":[{"href":"https:\/\/pinkmalibu.com.br\/en\/wp-json\/wp\/v2\/pages\/8","targetHints":{"allow":["GET"]}}],"collection":[{"href":"https:\/\/pinkmalibu.com.br\/en\/wp-json\/wp\/v2\/pages"}],"about":[{"href":"https:\/\/pinkmalibu.com.br\/en\/wp-json\/wp\/v2\/types\/page"}],"author":[{"embeddable":true,"href":"https:\/\/pinkmalibu.com.br\/en\/wp-json\/wp\/v2\/users\/1"}],"replies":[{"embeddable":true,"href":"https:\/\/pinkmalibu.com.br\/en\/wp-json\/wp\/v2\/comments?post=8"}],"version-history":[{"count":275,"href":"https:\/\/pinkmalibu.com.br\/en\/wp-json\/wp\/v2\/pages\/8\/revisions"}],"predecessor-version":[{"id":6747,"href":"https:\/\/pinkmalibu.com.br\/en\/wp-json\/wp\/v2\/pages\/8\/revisions\/6747"}],"wp:attachment":[{"href":"https:\/\/pinkmalibu.com.br\/en\/wp-json\/wp\/v2\/media?parent=8"}],"curies":[{"name":"wp","href":"https:\/\/api.w.org\/{rel}","templated":true}]}}