{"id":9,"date":"2024-11-25T22:55:31","date_gmt":"2024-11-25T22:55:31","guid":{"rendered":"http:\/\/pinkmalibu.com.br\/?page_id=9"},"modified":"2025-12-17T02:14:10","modified_gmt":"2025-12-17T05:14:10","slug":"reembolso_devolucoes","status":"publish","type":"page","link":"https:\/\/pinkmalibu.com.br\/en\/reembolso_devolucoes\/","title":{"rendered":"POL\u00cdTICA DE DEVOLU\u00c7\u00d5ES"},"content":{"rendered":"<div data-elementor-type=\"wp-page\" data-elementor-id=\"9\" class=\"elementor elementor-9\">\n\t\t\t\t<div class=\"elementor-element elementor-element-487e9631 e-flex e-con-boxed jltma-glass-effect-no e-con e-parent\" data-id=\"487e9631\" data-element_type=\"container\" data-e-type=\"container\">\n\t\t\t\t\t<div class=\"e-con-inner\">\n\t\t\t\t<div class=\"elementor-element elementor-element-0de46ad jltma-glass-effect-no elementor-widget elementor-widget-heading\" data-id=\"0de46ad\" data-element_type=\"widget\" data-e-type=\"widget\" data-widget_type=\"heading.default\">\n\t\t\t\t<div class=\"elementor-widget-container\">\n\t\t\t\t\t<h2 class=\"elementor-heading-title elementor-size-default\">POL\u00cdTICA DE DEVOLU\u00c7\u00d5ES DA PINK MALIBU<\/h2>\t\t\t\t<\/div>\n\t\t\t\t<\/div>\n\t\t\t\t<div class=\"elementor-element elementor-element-7cb9f566 jltma-glass-effect-no elementor-widget elementor-widget-text-editor\" data-id=\"7cb9f566\" data-element_type=\"widget\" data-e-type=\"widget\" data-widget_type=\"text-editor.default\">\n\t\t\t\t<div class=\"elementor-widget-container\">\n\t\t\t\t\t\t\t\t\t<p data-start=\"215\" data-end=\"255\"><strong data-start=\"215\" data-end=\"255\">POL\u00cdTICA DE DEVOLU\u00c7\u00d5ES \u2013 PINK MALIBU<\/strong><\/p><p data-start=\"257\" data-end=\"466\">Na <em data-start=\"260\" data-end=\"273\">Pink Malibu<\/em>, queremos que voc\u00ea tenha a melhor experi\u00eancia poss\u00edvel com nossas bonecas e acess\u00f3rios. Por isso, estabelecemos uma pol\u00edtica de devolu\u00e7\u00e3o clara e justa, pensando no seu bem-estar como cliente.<\/p><p data-start=\"468\" data-end=\"800\">\u2022 <strong data-start=\"470\" data-end=\"495\">Regras para devolu\u00e7\u00e3o<\/strong><br data-start=\"495\" data-end=\"498\" \/>Aceitamos devolu\u00e7\u00f5es apenas de produtos que estejam <strong data-start=\"550\" data-end=\"602\">em perfeito estado, lacrados e sem sinais de uso<\/strong>, ou que apresentem <strong data-start=\"622\" data-end=\"658\">defeitos evidentes de fabrica\u00e7\u00e3o<\/strong>. Detalhes m\u00ednimos na pintura ou acabamento n\u00e3o s\u00e3o considerados defeito, e nesses casos, a devolu\u00e7\u00e3o ser\u00e1 tratada como desist\u00eancia da compra.<\/p><p data-start=\"802\" data-end=\"1078\">\u2022 <strong data-start=\"804\" data-end=\"841\">Prazos para solicitar a devolu\u00e7\u00e3o<\/strong><br data-start=\"841\" data-end=\"844\" \/>Voc\u00ea pode solicitar a devolu\u00e7\u00e3o por arrependimento <strong data-start=\"895\" data-end=\"940\">em at\u00e9 7 dias corridos ap\u00f3s o recebimento<\/strong> do pedido. Em caso de defeito de fabrica\u00e7\u00e3o, o prazo \u00e9 de <strong data-start=\"999\" data-end=\"1023\">at\u00e9 30 dias corridos<\/strong>. Pedidos fora desses prazos n\u00e3o poder\u00e3o ser atendidos.<\/p><p data-start=\"1080\" data-end=\"1296\">\u2022 <strong data-start=\"1082\" data-end=\"1099\">Como proceder<\/strong><br data-start=\"1099\" data-end=\"1102\" \/>Se o item se enquadrar nos crit\u00e9rios acima e o prazo ainda estiver v\u00e1lido, entre em contato com nosso time de atendimento ao cliente. Vamos te orientar sobre cada etapa do processo de devolu\u00e7\u00e3o.<\/p><p data-start=\"1298\" data-end=\"1523\">\u2022 <strong data-start=\"1300\" data-end=\"1325\">Avalia\u00e7\u00e3o e reembolso<\/strong><br data-start=\"1325\" data-end=\"1328\" \/>Depois que recebermos e analisarmos o produto devolvido, daremos andamento no processo. Se estiver tudo de acordo, o <strong data-start=\"1445\" data-end=\"1523\">reembolso ser\u00e1 efetuado conforme a forma de pagamento utilizada na compra.<\/strong><\/p><p><!-- \/wp:paragraph --><\/p>\t\t\t\t\t\t\t\t<\/div>\n\t\t\t\t<\/div>\n\t\t\t\t\t<\/div>\n\t\t\t\t<\/div>\n\t\t<div class=\"elementor-element elementor-element-896d40b e-flex e-con-boxed jltma-glass-effect-no e-con e-parent\" data-id=\"896d40b\" data-element_type=\"container\" data-e-type=\"container\">\n\t\t\t\t\t<div class=\"e-con-inner\">\n\t\t\t\t<div class=\"elementor-element elementor-element-8317e3a elementor-widget__width-initial elementor-widget-tablet__width-auto elementor-fixed jltma-glass-effect-no elementor-widget elementor-widget-button\" data-id=\"8317e3a\" data-element_type=\"widget\" data-e-type=\"widget\" data-settings=\"{&quot;_position&quot;:&quot;fixed&quot;}\" data-widget_type=\"button.default\">\n\t\t\t\t<div class=\"elementor-widget-container\">\n\t\t\t\t\t\t\t\t\t<div class=\"elementor-button-wrapper\">\n\t\t\t\t\t<a class=\"elementor-button elementor-button-link elementor-size-sm\" href=\"https:\/\/wa.me\/5511947297564\" target=\"_blank\" rel=\"noopener\">\n\t\t\t\t\t\t<span class=\"elementor-button-content-wrapper\">\n\t\t\t\t\t\t<span class=\"elementor-button-icon\">\n\t\t\t\t<i aria-hidden=\"true\" class=\"icon icon-whatsapp-1\"><\/i>\t\t\t<\/span>\n\t\t\t\t\t\t\t\t<\/span>\n\t\t\t\t\t<\/a>\n\t\t\t\t<\/div>\n\t\t\t\t\t\t\t\t<\/div>\n\t\t\t\t<\/div>\n\t\t\t\t\t<\/div>\n\t\t\t\t<\/div>\n\t\t<div class=\"elementor-element elementor-element-1981412 e-flex e-con-boxed jltma-glass-effect-no e-con e-parent\" data-id=\"1981412\" data-element_type=\"container\" data-e-type=\"container\">\n\t\t\t\t\t<div class=\"e-con-inner\">\n\t\t\t\t<div class=\"elementor-element elementor-element-d29baf3 jltma-glass-effect-no elementor-widget elementor-widget-elementskit-back-to-top\" data-id=\"d29baf3\" data-element_type=\"widget\" data-e-type=\"widget\" data-widget_type=\"elementskit-back-to-top.default\">\n\t\t\t\t<div class=\"elementor-widget-container\">\n\t\t\t\t\t<div class=\"ekit-wid-con\" >\t\t\t<div class=\"ekit-back-to-top-container ekit-btt icon_only\" data-settings=\"{&quot;offset_top&quot;:0,&quot;show_after&quot;:null,&quot;show_scroll&quot;:&quot;&quot;,&quot;style&quot;:&quot;icon_only&quot;,&quot;foreground&quot;:null,&quot;background&quot;:null}\"> \n\t\t\t\t<span class=\"ekit-btt__button\">\n\t\t\t\t\t<svg aria-hidden=\"true\" class=\"e-font-icon-svg e-fas-arrow-up\" viewbox=\"0 0 448 512\" xmlns=\"http:\/\/www.w3.org\/2000\/svg\"><path d=\"M34.9 289.5l-22.2-22.2c-9.4-9.4-9.4-24.6 0-33.9L207 39c9.4-9.4 24.6-9.4 33.9 0l194.3 194.3c9.4 9.4 9.4 24.6 0 33.9L413 289.4c-9.5 9.5-25 9.3-34.3-.4L264 168.6V456c0 13.3-10.7 24-24 24h-32c-13.3 0-24-10.7-24-24V168.6L69.2 289.1c-9.3 9.8-24.8 10-34.3.4z\"><\/path><\/svg>\t\t\t\t<\/span>\n\t\t\t<\/div>\n\t\t<\/div>\t\t\t\t<\/div>\n\t\t\t\t<\/div>\n\t\t\t\t\t<\/div>\n\t\t\t\t<\/div>\n\t\t\t\t<\/div>","protected":false},"excerpt":{"rendered":"<p>POL\u00cdTICA DE DEVOLU\u00c7\u00d5ES DA PINK MALIBU POL\u00cdTICA DE DEVOLU\u00c7\u00d5ES \u2013 PINK MALIBU Na Pink Malibu, queremos que voc\u00ea tenha a melhor experi\u00eancia poss\u00edvel com nossas bonecas e acess\u00f3rios. Por isso, estabelecemos uma pol\u00edtica de devolu\u00e7\u00e3o clara e justa, pensando no seu bem-estar como cliente. \u2022 Regras para devolu\u00e7\u00e3oAceitamos devolu\u00e7\u00f5es apenas de produtos que estejam em [&hellip;]<\/p>\n","protected":false},"author":1,"featured_media":0,"parent":0,"menu_order":0,"comment_status":"closed","ping_status":"closed","template":"","meta":{"footnotes":""},"class_list":["post-9","page","type-page","status-publish","hentry"],"_links":{"self":[{"href":"https:\/\/pinkmalibu.com.br\/en\/wp-json\/wp\/v2\/pages\/9","targetHints":{"allow":["GET"]}}],"collection":[{"href":"https:\/\/pinkmalibu.com.br\/en\/wp-json\/wp\/v2\/pages"}],"about":[{"href":"https:\/\/pinkmalibu.com.br\/en\/wp-json\/wp\/v2\/types\/page"}],"author":[{"embeddable":true,"href":"https:\/\/pinkmalibu.com.br\/en\/wp-json\/wp\/v2\/users\/1"}],"replies":[{"embeddable":true,"href":"https:\/\/pinkmalibu.com.br\/en\/wp-json\/wp\/v2\/comments?post=9"}],"version-history":[{"count":55,"href":"https:\/\/pinkmalibu.com.br\/en\/wp-json\/wp\/v2\/pages\/9\/revisions"}],"predecessor-version":[{"id":6755,"href":"https:\/\/pinkmalibu.com.br\/en\/wp-json\/wp\/v2\/pages\/9\/revisions\/6755"}],"wp:attachment":[{"href":"https:\/\/pinkmalibu.com.br\/en\/wp-json\/wp\/v2\/media?parent=9"}],"curies":[{"name":"wp","href":"https:\/\/api.w.org\/{rel}","templated":true}]}}