{"id":6082,"date":"2026-01-02T19:14:34","date_gmt":"2026-01-02T22:14:34","guid":{"rendered":"https:\/\/pinkmalibu.com.br\/?post_type=product&#038;p=6082"},"modified":"2026-03-19T17:20:17","modified_gmt":"2026-03-19T20:20:17","slug":"monster-high-corpse-bride-skullector","status":"publish","type":"product","link":"https:\/\/pinkmalibu.com.br\/en\/product\/monster-high-corpse-bride-skullector\/","title":{"rendered":"PR\u00c9-VENDA Skullector Corpse Bride \/ Noiva Cad\u00e1ver \u2013 Monster High"},"content":{"rendered":"<p>Boneca nova, original e lacrada. Pr\u00e9-venda com aproximadamente 60 dias para envio.\u00a0<strong>ATEN\u00c7\u00c3O: A CAIXA \u00c9 FR\u00c1GIL E EM RAZ\u00c3O DISSO \u00c9 QUASE CERTEZA VIR\u00c1 COM AVARIAS. Se for colecionador(a) de lacrados por favor se atente a isso antes de comprar.<\/strong> N\u00e3o efetuamos trocas e n\u00e3o aceitamos devolu\u00e7\u00f5es. N\u00e3o encontrou a boneca que est\u00e1 procurando? fale conosco.<\/p>","protected":false},"excerpt":{"rendered":"<p>Boneca nova, original e lacrada. Pr\u00e9-venda com aproximadamente 60 dias para envio.\u00a0ATEN\u00c7\u00c3O: A CAIXA \u00c9 FR\u00c1GIL E EM RAZ\u00c3O DISSO \u00c9 QUASE CERTEZA VIR\u00c1 COM AVARIAS. Se for colecionador(a) de lacrados por favor se atente a isso antes de comprar. N\u00e3o efetuamos trocas e n\u00e3o aceitamos devolu\u00e7\u00f5es. N\u00e3o encontrou a boneca que est\u00e1 procurando? fale [&hellip;]<\/p>\n","protected":false},"featured_media":6083,"comment_status":"closed","ping_status":"closed","template":"","meta":[],"product_brand":[],"product_cat":[21,68,74,70,59,17],"product_tag":[38],"class_list":{"0":"post-6082","1":"product","2":"type-product","3":"status-publish","4":"has-post-thumbnail","6":"product_cat-cat-lancamentos","7":"product_cat-cat-mh","8":"product_cat-cat-mh-skull","9":"product_cat-cat-novidades","10":"product_cat-cat-promocao","11":"product_cat-produtos","12":"product_tag-encomenda","14":"first","15":"instock","16":"shipping-taxable","17":"purchasable","18":"product-type-simple"},"_links":{"self":[{"href":"https:\/\/pinkmalibu.com.br\/en\/wp-json\/wp\/v2\/product\/6082","targetHints":{"allow":["GET"]}}],"collection":[{"href":"https:\/\/pinkmalibu.com.br\/en\/wp-json\/wp\/v2\/product"}],"about":[{"href":"https:\/\/pinkmalibu.com.br\/en\/wp-json\/wp\/v2\/types\/product"}],"replies":[{"embeddable":true,"href":"https:\/\/pinkmalibu.com.br\/en\/wp-json\/wp\/v2\/comments?post=6082"}],"wp:featuredmedia":[{"embeddable":true,"href":"https:\/\/pinkmalibu.com.br\/en\/wp-json\/wp\/v2\/media\/6083"}],"wp:attachment":[{"href":"https:\/\/pinkmalibu.com.br\/en\/wp-json\/wp\/v2\/media?parent=6082"}],"wp:term":[{"taxonomy":"product_brand","embeddable":true,"href":"https:\/\/pinkmalibu.com.br\/en\/wp-json\/wp\/v2\/product_brand?post=6082"},{"taxonomy":"product_cat","embeddable":true,"href":"https:\/\/pinkmalibu.com.br\/en\/wp-json\/wp\/v2\/product_cat?post=6082"},{"taxonomy":"product_tag","embeddable":true,"href":"https:\/\/pinkmalibu.com.br\/en\/wp-json\/wp\/v2\/product_tag?post=6082"}],"curies":[{"name":"wp","href":"https:\/\/api.w.org\/{rel}","templated":true}]}}