{"id":6617,"date":"2025-11-07T16:16:18","date_gmt":"2025-11-07T19:16:18","guid":{"rendered":"https:\/\/pinkmalibu.com.br\/?post_type=product&#038;p=6617"},"modified":"2026-02-10T16:48:41","modified_gmt":"2026-02-10T19:48:41","slug":"pre-venda-boneco-disney-parks-pixar-toy-story-lenny-wind-up","status":"publish","type":"product","link":"https:\/\/pinkmalibu.com.br\/en\/product\/pre-venda-boneco-disney-parks-pixar-toy-story-lenny-wind-up\/","title":{"rendered":"PR\u00c9-VENDA Boneco Disney Parks Pixar Toy Story Lenny Wind Up"},"content":{"rendered":"<p>Boneca nova, original e lacrada. Pr\u00e9-venda com aproximadamente 60 dias para envio. <strong>ATEN\u00c7\u00c3O: A CAIXA \u00c9 FR\u00c1GIL E EM RAZ\u00c3O DISSO PROVAVELMENTE VIR\u00c1 COM AVARIAS. Se for colecionador(a) de lacrados por favor se atente a isso antes de comprar.<\/strong> N\u00e3o encontrou a boneca que est\u00e1 procurando? fale conosco.<\/p>","protected":false},"excerpt":{"rendered":"<p>Boneca nova, original e lacrada. Pr\u00e9-venda com aproximadamente 60 dias para envio. ATEN\u00c7\u00c3O: A CAIXA \u00c9 FR\u00c1GIL E EM RAZ\u00c3O DISSO PROVAVELMENTE VIR\u00c1 COM AVARIAS. Se for colecionador(a) de lacrados por favor se atente a isso antes de comprar. N\u00e3o encontrou a boneca que est\u00e1 procurando? fale conosco.<\/p>","protected":false},"featured_media":6618,"comment_status":"closed","ping_status":"closed","template":"","meta":[],"product_brand":[],"product_cat":[21,70,59,17],"product_tag":[38],"class_list":{"0":"post-6617","1":"product","2":"type-product","3":"status-publish","4":"has-post-thumbnail","6":"product_cat-cat-lancamentos","7":"product_cat-cat-novidades","8":"product_cat-cat-promocao","9":"product_cat-produtos","10":"product_tag-encomenda","12":"first","13":"instock","14":"shipping-taxable","15":"purchasable","16":"product-type-simple"},"_links":{"self":[{"href":"https:\/\/pinkmalibu.com.br\/en\/wp-json\/wp\/v2\/product\/6617","targetHints":{"allow":["GET"]}}],"collection":[{"href":"https:\/\/pinkmalibu.com.br\/en\/wp-json\/wp\/v2\/product"}],"about":[{"href":"https:\/\/pinkmalibu.com.br\/en\/wp-json\/wp\/v2\/types\/product"}],"replies":[{"embeddable":true,"href":"https:\/\/pinkmalibu.com.br\/en\/wp-json\/wp\/v2\/comments?post=6617"}],"wp:featuredmedia":[{"embeddable":true,"href":"https:\/\/pinkmalibu.com.br\/en\/wp-json\/wp\/v2\/media\/6618"}],"wp:attachment":[{"href":"https:\/\/pinkmalibu.com.br\/en\/wp-json\/wp\/v2\/media?parent=6617"}],"wp:term":[{"taxonomy":"product_brand","embeddable":true,"href":"https:\/\/pinkmalibu.com.br\/en\/wp-json\/wp\/v2\/product_brand?post=6617"},{"taxonomy":"product_cat","embeddable":true,"href":"https:\/\/pinkmalibu.com.br\/en\/wp-json\/wp\/v2\/product_cat?post=6617"},{"taxonomy":"product_tag","embeddable":true,"href":"https:\/\/pinkmalibu.com.br\/en\/wp-json\/wp\/v2\/product_tag?post=6617"}],"curies":[{"name":"wp","href":"https:\/\/api.w.org\/{rel}","templated":true}]}}