{"id":6625,"date":"2026-01-16T20:07:18","date_gmt":"2026-01-16T23:07:18","guid":{"rendered":"https:\/\/pinkmalibu.com.br\/?post_type=product&#038;p=6625"},"modified":"2026-03-04T18:15:42","modified_gmt":"2026-03-04T21:15:42","slug":"pre-venda-monster-high-x-wednesday-addams-wandinha-com-uniforme","status":"publish","type":"product","link":"https:\/\/pinkmalibu.com.br\/en\/product\/pre-venda-monster-high-x-wednesday-addams-wandinha-com-uniforme\/","title":{"rendered":"PR\u00c9-VENDA Wednesday x Monster High Wednesday in Nevermore Academy Uniform Wandinha com Uniforme"},"content":{"rendered":"<p>Boneca nova, original e lacrada. Pr\u00e9-venda com aproximadamente 60 dias para envio.<\/p>\n<p><strong>\u00a0ATEN\u00c7\u00c3O: A CAIXA \u00c9 FR\u00c1GIL E EM RAZ\u00c3O DISSO PROVAVELMENTE VIR\u00c1 COM AVARIAS. Se for colecionador(a) de lacrados por favor se atente a isso antes de comprar pois se trata de um PRODUTO SOB ENCOMENDA ent\u00e3o N\u00c3O EFETUAMOS TROCAS E N\u00c3O ACEITAMOS DEVOLU\u00c7\u00d5ES.<\/strong><\/p>\n<p>N\u00e3o encontrou a boneca que est\u00e1 procurando? fale conosco.<\/p>","protected":false},"excerpt":{"rendered":"<p>Boneca nova, original e lacrada. Pr\u00e9-venda com aproximadamente 60 dias para envio. \u00a0ATEN\u00c7\u00c3O: A CAIXA \u00c9 FR\u00c1GIL E EM RAZ\u00c3O DISSO PROVAVELMENTE VIR\u00c1 COM AVARIAS. Se for colecionador(a) de lacrados por favor se atente a isso antes de comprar pois se trata de um PRODUTO SOB ENCOMENDA ent\u00e3o N\u00c3O EFETUAMOS TROCAS E N\u00c3O ACEITAMOS DEVOLU\u00c7\u00d5ES. [&hellip;]<\/p>\n","protected":false},"featured_media":6846,"comment_status":"closed","ping_status":"closed","template":"","meta":[],"product_brand":[],"product_cat":[21,68,70,59,17],"product_tag":[38],"class_list":{"0":"post-6625","1":"product","2":"type-product","3":"status-publish","4":"has-post-thumbnail","6":"product_cat-cat-lancamentos","7":"product_cat-cat-mh","8":"product_cat-cat-novidades","9":"product_cat-cat-promocao","10":"product_cat-produtos","11":"product_tag-encomenda","13":"first","14":"instock","15":"shipping-taxable","16":"purchasable","17":"product-type-simple"},"_links":{"self":[{"href":"https:\/\/pinkmalibu.com.br\/en\/wp-json\/wp\/v2\/product\/6625","targetHints":{"allow":["GET"]}}],"collection":[{"href":"https:\/\/pinkmalibu.com.br\/en\/wp-json\/wp\/v2\/product"}],"about":[{"href":"https:\/\/pinkmalibu.com.br\/en\/wp-json\/wp\/v2\/types\/product"}],"replies":[{"embeddable":true,"href":"https:\/\/pinkmalibu.com.br\/en\/wp-json\/wp\/v2\/comments?post=6625"}],"wp:featuredmedia":[{"embeddable":true,"href":"https:\/\/pinkmalibu.com.br\/en\/wp-json\/wp\/v2\/media\/6846"}],"wp:attachment":[{"href":"https:\/\/pinkmalibu.com.br\/en\/wp-json\/wp\/v2\/media?parent=6625"}],"wp:term":[{"taxonomy":"product_brand","embeddable":true,"href":"https:\/\/pinkmalibu.com.br\/en\/wp-json\/wp\/v2\/product_brand?post=6625"},{"taxonomy":"product_cat","embeddable":true,"href":"https:\/\/pinkmalibu.com.br\/en\/wp-json\/wp\/v2\/product_cat?post=6625"},{"taxonomy":"product_tag","embeddable":true,"href":"https:\/\/pinkmalibu.com.br\/en\/wp-json\/wp\/v2\/product_tag?post=6625"}],"curies":[{"name":"wp","href":"https:\/\/api.w.org\/{rel}","templated":true}]}}