{"id":6907,"date":"2026-01-29T20:53:19","date_gmt":"2026-01-29T23:53:19","guid":{"rendered":"https:\/\/pinkmalibu.com.br\/?post_type=product&#038;p=6907"},"modified":"2026-02-03T16:05:42","modified_gmt":"2026-02-03T19:05:42","slug":"pre-venda-reserva-50-monster-high-boo-riginal-creeproduction-robecca-steam","status":"publish","type":"product","link":"https:\/\/pinkmalibu.com.br\/en\/product\/pre-venda-reserva-50-monster-high-boo-riginal-creeproduction-robecca-steam\/","title":{"rendered":"PR\u00c9-VENDA (RESERVA 50%) Monster High Boo-riginal Creeproduction Robecca Steam"},"content":{"rendered":"<p>Boneca nova, original e lacrada. Pr\u00e9-venda com at\u00e9 60 dias para envio ap\u00f3s o lan\u00e7amento (previsto para Abril de 2026). <strong>ATEN\u00c7\u00c3O: A CAIXA \u00c9 FR\u00c1GIL E EM RAZ\u00c3O DISSO PROVAVELMENTE VIR\u00c1 COM AVARIAS. Se for colecionador(a) de lacrados por favor se atente a isso antes de comprar<\/strong>. N\u00e3o encontrou a boneca que est\u00e1 procurando? fale conosco.<\/p>\n<p>O valor cobrado corresponde a 50% do valor da boneca. O restante dever\u00e1 ser pago at\u00e9 o ato do envio. O valor final da boneca \u00e9 R$ 395,00.<\/p>","protected":false},"excerpt":{"rendered":"<p style=\"text-align: center;\"><strong>!! ATEN\u00c7\u00c3O: PR\u00c9-VENDA COM PRAZO DE ENVIO DE AT\u00c9 60 DIAS AP\u00d3S O LAN\u00c7AMENTO OFICIAL.<br \/>\nVALOR CORRESPONDE A 50% DO VALOR FINAL. LEIA A DESCRI\u00c7\u00c3O !!<\/strong><\/p>","protected":false},"featured_media":6903,"comment_status":"closed","ping_status":"closed","template":"","meta":[],"product_brand":[],"product_cat":[21,68,70,59,17],"product_tag":[],"class_list":{"0":"post-6907","1":"product","2":"type-product","3":"status-publish","4":"has-post-thumbnail","6":"product_cat-cat-lancamentos","7":"product_cat-cat-mh","8":"product_cat-cat-novidades","9":"product_cat-cat-promocao","10":"product_cat-produtos","12":"first","13":"outofstock","14":"shipping-taxable","15":"purchasable","16":"product-type-simple"},"_links":{"self":[{"href":"https:\/\/pinkmalibu.com.br\/en\/wp-json\/wp\/v2\/product\/6907","targetHints":{"allow":["GET"]}}],"collection":[{"href":"https:\/\/pinkmalibu.com.br\/en\/wp-json\/wp\/v2\/product"}],"about":[{"href":"https:\/\/pinkmalibu.com.br\/en\/wp-json\/wp\/v2\/types\/product"}],"replies":[{"embeddable":true,"href":"https:\/\/pinkmalibu.com.br\/en\/wp-json\/wp\/v2\/comments?post=6907"}],"wp:featuredmedia":[{"embeddable":true,"href":"https:\/\/pinkmalibu.com.br\/en\/wp-json\/wp\/v2\/media\/6903"}],"wp:attachment":[{"href":"https:\/\/pinkmalibu.com.br\/en\/wp-json\/wp\/v2\/media?parent=6907"}],"wp:term":[{"taxonomy":"product_brand","embeddable":true,"href":"https:\/\/pinkmalibu.com.br\/en\/wp-json\/wp\/v2\/product_brand?post=6907"},{"taxonomy":"product_cat","embeddable":true,"href":"https:\/\/pinkmalibu.com.br\/en\/wp-json\/wp\/v2\/product_cat?post=6907"},{"taxonomy":"product_tag","embeddable":true,"href":"https:\/\/pinkmalibu.com.br\/en\/wp-json\/wp\/v2\/product_tag?post=6907"}],"curies":[{"name":"wp","href":"https:\/\/api.w.org\/{rel}","templated":true}]}}