{"id":6956,"date":"2025-12-20T21:01:56","date_gmt":"2025-12-21T00:01:56","guid":{"rendered":"https:\/\/pinkmalibu.com.br\/?post_type=product&#038;p=6956"},"modified":"2026-03-04T18:24:51","modified_gmt":"2026-03-04T21:24:51","slug":"pre-venda-monster-high-core-monster-fest-lagoona-blue","status":"publish","type":"product","link":"https:\/\/pinkmalibu.com.br\/en\/product\/pre-venda-monster-high-core-monster-fest-lagoona-blue\/","title":{"rendered":"PR\u00c9-VENDA G3 Monster Fest Lagoona Blue \u2013 Monster High Core"},"content":{"rendered":"<p>Boneca nova, original e lacrada. Pr\u00e9-venda com aproximadamente 60 dias para envio. <strong>ATEN\u00c7\u00c3O: A CAIXA \u00c9 FR\u00c1GIL E EM RAZ\u00c3O DISSO PROVAVELMENTE VIR\u00c1 COM AVARIAS. Se for colecionador(a) de lacrados por favor se atente a isso antes de comprar.<\/strong> N\u00e3o encontrou a boneca que est\u00e1 procurando? fale conosco.<\/p>","protected":false},"excerpt":{"rendered":"<p>Boneca nova, original e lacrada. Pr\u00e9-venda com aproximadamente 60 dias para envio. ATEN\u00c7\u00c3O: A CAIXA \u00c9 FR\u00c1GIL E EM RAZ\u00c3O DISSO PROVAVELMENTE VIR\u00c1 COM AVARIAS. Se for colecionador(a) de lacrados por favor se atente a isso antes de comprar. N\u00e3o encontrou a boneca que est\u00e1 procurando? fale conosco.<\/p>","protected":false},"featured_media":6633,"comment_status":"closed","ping_status":"closed","template":"","meta":[],"product_brand":[],"product_cat":[21,68,70,59,17],"product_tag":[38],"class_list":{"0":"post-6956","1":"product","2":"type-product","3":"status-publish","4":"has-post-thumbnail","6":"product_cat-cat-lancamentos","7":"product_cat-cat-mh","8":"product_cat-cat-novidades","9":"product_cat-cat-promocao","10":"product_cat-produtos","11":"product_tag-encomenda","13":"first","14":"instock","15":"shipping-taxable","16":"purchasable","17":"product-type-simple"},"_links":{"self":[{"href":"https:\/\/pinkmalibu.com.br\/en\/wp-json\/wp\/v2\/product\/6956","targetHints":{"allow":["GET"]}}],"collection":[{"href":"https:\/\/pinkmalibu.com.br\/en\/wp-json\/wp\/v2\/product"}],"about":[{"href":"https:\/\/pinkmalibu.com.br\/en\/wp-json\/wp\/v2\/types\/product"}],"replies":[{"embeddable":true,"href":"https:\/\/pinkmalibu.com.br\/en\/wp-json\/wp\/v2\/comments?post=6956"}],"wp:featuredmedia":[{"embeddable":true,"href":"https:\/\/pinkmalibu.com.br\/en\/wp-json\/wp\/v2\/media\/6633"}],"wp:attachment":[{"href":"https:\/\/pinkmalibu.com.br\/en\/wp-json\/wp\/v2\/media?parent=6956"}],"wp:term":[{"taxonomy":"product_brand","embeddable":true,"href":"https:\/\/pinkmalibu.com.br\/en\/wp-json\/wp\/v2\/product_brand?post=6956"},{"taxonomy":"product_cat","embeddable":true,"href":"https:\/\/pinkmalibu.com.br\/en\/wp-json\/wp\/v2\/product_cat?post=6956"},{"taxonomy":"product_tag","embeddable":true,"href":"https:\/\/pinkmalibu.com.br\/en\/wp-json\/wp\/v2\/product_tag?post=6956"}],"curies":[{"name":"wp","href":"https:\/\/api.w.org\/{rel}","templated":true}]}}