{"id":7060,"date":"2026-02-27T13:14:47","date_gmt":"2026-02-27T16:14:47","guid":{"rendered":"https:\/\/pinkmalibu.com.br\/?post_type=product&#038;p=7060"},"modified":"2026-03-01T16:51:47","modified_gmt":"2026-03-01T19:51:47","slug":"pre-venda-g3-draculaura-scary-sweet-birthday-monster-high","status":"publish","type":"product","link":"https:\/\/pinkmalibu.com.br\/en\/product\/pre-venda-g3-draculaura-scary-sweet-birthday-monster-high\/","title":{"rendered":"PR\u00c9-VENDA G3 Draculaura Scary Sweet Birthday \u2013 Monster High"},"content":{"rendered":"<p>Boneca nova, original e lacrada. Pr\u00e9-venda com aproximadamente 60 dias para envio. <strong>ATEN\u00c7\u00c3O: A CAIXA \u00c9 FR\u00c1GIL E EM RAZ\u00c3O DISSO PROVAVELMENTE VIR\u00c1 COM AVARIAS. Se for colecionador(a) de lacrados por favor se atente a isso antes de comprar. POR SE TRATAR DE UM PRODUTO SOB ENCOMENDA N\u00d3S N\u00c3O EFETUAMOS TROCAS E N\u00c3O ACEITAMOS DEVOLU\u00c7\u00d5ES. N\u00e3o encontrou a boneca que est\u00e1 procurando? fale conosco.<\/strong><\/p>","protected":false},"excerpt":{"rendered":"<p>Boneca nova, original e lacrada. Pr\u00e9-venda com aproximadamente 60 dias para envio. ATEN\u00c7\u00c3O: A CAIXA \u00c9 FR\u00c1GIL E EM RAZ\u00c3O DISSO PROVAVELMENTE VIR\u00c1 COM AVARIAS. Se for colecionador(a) de lacrados por favor se atente a isso antes de comprar. POR SE TRATAR DE UM PRODUTO SOB ENCOMENDA N\u00d3S N\u00c3O EFETUAMOS TROCAS E N\u00c3O ACEITAMOS DEVOLU\u00c7\u00d5ES. [&hellip;]<\/p>\n","protected":false},"featured_media":7064,"comment_status":"closed","ping_status":"closed","template":"","meta":[],"product_brand":[],"product_cat":[21,68,70,59,17],"product_tag":[38],"class_list":{"0":"post-7060","1":"product","2":"type-product","3":"status-publish","4":"has-post-thumbnail","6":"product_cat-cat-lancamentos","7":"product_cat-cat-mh","8":"product_cat-cat-novidades","9":"product_cat-cat-promocao","10":"product_cat-produtos","11":"product_tag-encomenda","13":"first","14":"instock","15":"shipping-taxable","16":"purchasable","17":"product-type-simple"},"_links":{"self":[{"href":"https:\/\/pinkmalibu.com.br\/en\/wp-json\/wp\/v2\/product\/7060","targetHints":{"allow":["GET"]}}],"collection":[{"href":"https:\/\/pinkmalibu.com.br\/en\/wp-json\/wp\/v2\/product"}],"about":[{"href":"https:\/\/pinkmalibu.com.br\/en\/wp-json\/wp\/v2\/types\/product"}],"replies":[{"embeddable":true,"href":"https:\/\/pinkmalibu.com.br\/en\/wp-json\/wp\/v2\/comments?post=7060"}],"wp:featuredmedia":[{"embeddable":true,"href":"https:\/\/pinkmalibu.com.br\/en\/wp-json\/wp\/v2\/media\/7064"}],"wp:attachment":[{"href":"https:\/\/pinkmalibu.com.br\/en\/wp-json\/wp\/v2\/media?parent=7060"}],"wp:term":[{"taxonomy":"product_brand","embeddable":true,"href":"https:\/\/pinkmalibu.com.br\/en\/wp-json\/wp\/v2\/product_brand?post=7060"},{"taxonomy":"product_cat","embeddable":true,"href":"https:\/\/pinkmalibu.com.br\/en\/wp-json\/wp\/v2\/product_cat?post=7060"},{"taxonomy":"product_tag","embeddable":true,"href":"https:\/\/pinkmalibu.com.br\/en\/wp-json\/wp\/v2\/product_tag?post=7060"}],"curies":[{"name":"wp","href":"https:\/\/api.w.org\/{rel}","templated":true}]}}