{"id":7099,"date":"2026-03-05T07:56:08","date_gmt":"2026-03-05T10:56:08","guid":{"rendered":"https:\/\/pinkmalibu.com.br\/?post_type=product&#038;p=7099"},"modified":"2026-03-05T11:03:37","modified_gmt":"2026-03-05T14:03:37","slug":"pre-venda-skullector-coraline-monster-high","status":"publish","type":"product","link":"https:\/\/pinkmalibu.com.br\/en\/product\/pre-venda-skullector-coraline-monster-high\/","title":{"rendered":"PR\u00c9-VENDA Skullector Coraline \u2013 Monster High"},"content":{"rendered":"<p>Boneca nova, original e lacrada. Pr\u00e9-venda com aproximadamente 80 dias para envio. O lan\u00e7amento da boneca est\u00e1 previsto para dia 13 de Mar\u00e7o e o prazo estimado para envio \u00e9 em 45-60 dias ap\u00f3s a compra no fornecedor. <strong>ATEN\u00c7\u00c3O: A CAIXA \u00c9 FR\u00c1GIL E EM RAZ\u00c3O DISSO PROVAVELMENTE VIR\u00c1 COM AVARIAS. Se for colecionador(a) de lacrados por favor se atente a isso antes de comprar. POR SE TRATAR DE UM PRODUTO SOB ENCOMENDA N\u00d3S N\u00c3O EFETUAMOS TROCAS E N\u00c3O ACEITAMOS DEVOLU\u00c7\u00d5ES. Caso a boneca esgote no fornecedor antes de conseguirmos efetuar a compra, realizaremos o reembolso integral. N\u00e3o encontrou a boneca que est\u00e1 procurando? fale conosco.<\/strong><\/p>","protected":false},"excerpt":{"rendered":"<p style=\"text-align: center;\"><strong>!! ATEN\u00c7\u00c3O: PRODUTO EM PR\u00c9-VENDA COM PREVIS\u00c3O DE ENVIO EM APROX. 80 DIAS !!<\/strong><\/p>\n<p>&nbsp;<\/p>","protected":false},"featured_media":7313,"comment_status":"closed","ping_status":"closed","template":"","meta":[],"product_brand":[],"product_cat":[21,68,74,70,59,17],"product_tag":[],"class_list":{"0":"post-7099","1":"product","2":"type-product","3":"status-publish","4":"has-post-thumbnail","6":"product_cat-cat-lancamentos","7":"product_cat-cat-mh","8":"product_cat-cat-mh-skull","9":"product_cat-cat-novidades","10":"product_cat-cat-promocao","11":"product_cat-produtos","13":"first","14":"outofstock","15":"shipping-taxable","16":"purchasable","17":"product-type-simple"},"_links":{"self":[{"href":"https:\/\/pinkmalibu.com.br\/en\/wp-json\/wp\/v2\/product\/7099","targetHints":{"allow":["GET"]}}],"collection":[{"href":"https:\/\/pinkmalibu.com.br\/en\/wp-json\/wp\/v2\/product"}],"about":[{"href":"https:\/\/pinkmalibu.com.br\/en\/wp-json\/wp\/v2\/types\/product"}],"replies":[{"embeddable":true,"href":"https:\/\/pinkmalibu.com.br\/en\/wp-json\/wp\/v2\/comments?post=7099"}],"wp:featuredmedia":[{"embeddable":true,"href":"https:\/\/pinkmalibu.com.br\/en\/wp-json\/wp\/v2\/media\/7313"}],"wp:attachment":[{"href":"https:\/\/pinkmalibu.com.br\/en\/wp-json\/wp\/v2\/media?parent=7099"}],"wp:term":[{"taxonomy":"product_brand","embeddable":true,"href":"https:\/\/pinkmalibu.com.br\/en\/wp-json\/wp\/v2\/product_brand?post=7099"},{"taxonomy":"product_cat","embeddable":true,"href":"https:\/\/pinkmalibu.com.br\/en\/wp-json\/wp\/v2\/product_cat?post=7099"},{"taxonomy":"product_tag","embeddable":true,"href":"https:\/\/pinkmalibu.com.br\/en\/wp-json\/wp\/v2\/product_tag?post=7099"}],"curies":[{"name":"wp","href":"https:\/\/api.w.org\/{rel}","templated":true}]}}