{"id":7737,"date":"2026-04-10T19:34:05","date_gmt":"2026-04-10T22:34:05","guid":{"rendered":"https:\/\/pinkmalibu.com.br\/?post_type=product&#038;p=7737"},"modified":"2026-04-10T19:49:49","modified_gmt":"2026-04-10T22:49:49","slug":"pronta-entrega-barbie-signature-harley-quinn-arlequina-edicao-comemorativa-aniversario-de-85-anos","status":"publish","type":"product","link":"https:\/\/pinkmalibu.com.br\/en\/product\/pronta-entrega-barbie-signature-harley-quinn-arlequina-edicao-comemorativa-aniversario-de-85-anos\/","title":{"rendered":"PRONTA ENTREGA Barbie Signature Harley Quinn \/ Arlequina edi\u00e7\u00e3o comemorativa anivers\u00e1rio de 85 anos"},"content":{"rendered":"<p>Boneca nova, original e lacrada. Pronta entrega. <strong>ATEN\u00c7\u00c3O: A CAIXA \u00c9 FR\u00c1GIL E EM RAZ\u00c3O DISSO PROVAVELMENTE VIR\u00c1 COM AVARIAS. Se for colecionador(a) de lacrados por favor se atente a isso antes de comprar.<\/strong> N\u00e3o encontrou a boneca que est\u00e1 procurando? fale conosco.<\/p>","protected":false},"excerpt":{"rendered":"<p>Boneca nova, original e lacrada. Pronta entrega. ATEN\u00c7\u00c3O: A CAIXA \u00c9 FR\u00c1GIL E EM RAZ\u00c3O DISSO PROVAVELMENTE VIR\u00c1 COM AVARIAS. Se for colecionador(a) de lacrados por favor se atente a isso antes de comprar. N\u00e3o encontrou a boneca que est\u00e1 procurando? fale conosco.<\/p>","protected":false},"featured_media":7741,"comment_status":"closed","ping_status":"closed","template":"","meta":[],"product_brand":[],"product_cat":[21,70,59,17,67],"product_tag":[39],"class_list":{"0":"post-7737","1":"product","2":"type-product","3":"status-publish","4":"has-post-thumbnail","6":"product_cat-cat-lancamentos","7":"product_cat-cat-novidades","8":"product_cat-cat-promocao","9":"product_cat-produtos","10":"product_cat-cat-barbie","11":"product_tag-em-estoque","12":"product_shipping_class-classe-pre-venda","14":"first","15":"instock","16":"shipping-taxable","17":"purchasable","18":"product-type-simple"},"_links":{"self":[{"href":"https:\/\/pinkmalibu.com.br\/en\/wp-json\/wp\/v2\/product\/7737","targetHints":{"allow":["GET"]}}],"collection":[{"href":"https:\/\/pinkmalibu.com.br\/en\/wp-json\/wp\/v2\/product"}],"about":[{"href":"https:\/\/pinkmalibu.com.br\/en\/wp-json\/wp\/v2\/types\/product"}],"replies":[{"embeddable":true,"href":"https:\/\/pinkmalibu.com.br\/en\/wp-json\/wp\/v2\/comments?post=7737"}],"wp:featuredmedia":[{"embeddable":true,"href":"https:\/\/pinkmalibu.com.br\/en\/wp-json\/wp\/v2\/media\/7741"}],"wp:attachment":[{"href":"https:\/\/pinkmalibu.com.br\/en\/wp-json\/wp\/v2\/media?parent=7737"}],"wp:term":[{"taxonomy":"product_brand","embeddable":true,"href":"https:\/\/pinkmalibu.com.br\/en\/wp-json\/wp\/v2\/product_brand?post=7737"},{"taxonomy":"product_cat","embeddable":true,"href":"https:\/\/pinkmalibu.com.br\/en\/wp-json\/wp\/v2\/product_cat?post=7737"},{"taxonomy":"product_tag","embeddable":true,"href":"https:\/\/pinkmalibu.com.br\/en\/wp-json\/wp\/v2\/product_tag?post=7737"}],"curies":[{"name":"wp","href":"https:\/\/api.w.org\/{rel}","templated":true}]}}