{"id":7748,"date":"2026-04-15T16:28:26","date_gmt":"2026-04-15T19:28:26","guid":{"rendered":"https:\/\/pinkmalibu.com.br\/?post_type=product&#038;p=7748"},"modified":"2026-04-15T16:34:23","modified_gmt":"2026-04-15T19:34:23","slug":"pelucia-rosa-de-30cm-hello-kitty-licenciada-original-hello-kitty-e-amigos","status":"publish","type":"product","link":"https:\/\/pinkmalibu.com.br\/en\/product\/pelucia-rosa-de-30cm-hello-kitty-licenciada-original-hello-kitty-e-amigos\/","title":{"rendered":"Pel\u00facia Rosa De 30Cm Hello Kitty LICENCIADA\/ORIGINAL &#8211; Hello Kitty E Amigos"},"content":{"rendered":"<p>NOVA, ORIGINAL, PR\u00c9-VENDA COM PRAZO DE ENVIO EM APROXIMADAMENTE 20 DIAS AP\u00d3S A COMPRA.<\/p>","protected":false},"excerpt":{"rendered":"<p style=\"text-align: center;\"><strong>!! ATEN\u00c7\u00c3O: PREVIS\u00c3O DE ENVIO EM APROX 20 DIAS AP\u00d3S A COMPRA. CUPONS N\u00c3O APLIC\u00c1VEIS !!<\/strong><\/p>","protected":false},"featured_media":7752,"comment_status":"closed","ping_status":"closed","template":"","meta":[],"product_brand":[],"product_cat":[83,79,84,21,70,59,17],"product_tag":[],"class_list":{"0":"post-7748","1":"product","2":"type-product","3":"status-publish","4":"has-post-thumbnail","6":"product_cat-cat-hello-kitty","7":"product_cat-cat-outras","8":"product_cat-cat-pelucias-hello-kitty","9":"product_cat-cat-lancamentos","10":"product_cat-cat-novidades","11":"product_cat-cat-promocao","12":"product_cat-produtos","14":"first","15":"instock","16":"shipping-taxable","17":"purchasable","18":"product-type-simple"},"_links":{"self":[{"href":"https:\/\/pinkmalibu.com.br\/en\/wp-json\/wp\/v2\/product\/7748","targetHints":{"allow":["GET"]}}],"collection":[{"href":"https:\/\/pinkmalibu.com.br\/en\/wp-json\/wp\/v2\/product"}],"about":[{"href":"https:\/\/pinkmalibu.com.br\/en\/wp-json\/wp\/v2\/types\/product"}],"replies":[{"embeddable":true,"href":"https:\/\/pinkmalibu.com.br\/en\/wp-json\/wp\/v2\/comments?post=7748"}],"wp:featuredmedia":[{"embeddable":true,"href":"https:\/\/pinkmalibu.com.br\/en\/wp-json\/wp\/v2\/media\/7752"}],"wp:attachment":[{"href":"https:\/\/pinkmalibu.com.br\/en\/wp-json\/wp\/v2\/media?parent=7748"}],"wp:term":[{"taxonomy":"product_brand","embeddable":true,"href":"https:\/\/pinkmalibu.com.br\/en\/wp-json\/wp\/v2\/product_brand?post=7748"},{"taxonomy":"product_cat","embeddable":true,"href":"https:\/\/pinkmalibu.com.br\/en\/wp-json\/wp\/v2\/product_cat?post=7748"},{"taxonomy":"product_tag","embeddable":true,"href":"https:\/\/pinkmalibu.com.br\/en\/wp-json\/wp\/v2\/product_tag?post=7748"}],"curies":[{"name":"wp","href":"https:\/\/api.w.org\/{rel}","templated":true}]}}