{"id":7812,"date":"2026-05-06T13:20:31","date_gmt":"2026-05-06T16:20:31","guid":{"rendered":"https:\/\/pinkmalibu.com.br\/?post_type=product&#038;p=7812"},"modified":"2026-05-06T13:30:07","modified_gmt":"2026-05-06T16:30:07","slug":"boo-riginal-creeproduction-frankie-stein-2021-monster-high-frete-nao-incluso","status":"publish","type":"product","link":"https:\/\/pinkmalibu.com.br\/en\/product\/boo-riginal-creeproduction-frankie-stein-2021-monster-high-frete-nao-incluso\/","title":{"rendered":"ENCOMENDA Boo-riginal Creeproduction Frankie Stein (2021) \u2013 Monster High (frete n\u00e3o incluso)"},"content":{"rendered":"<h2 data-section-id=\"j6n85n\" data-start=\"1383\" data-end=\"1406\">\u26a0\ufe0f SOBRE A EMBALAGEM<\/h2>\n<p data-start=\"1408\" data-end=\"1488\">A caixa pode apresentar amassados ou avarias devido ao transporte.<\/p>\n<p data-start=\"1490\" data-end=\"1563\">N\u00e3o recomendamos para colecionadores que exigem caixa em perfeito estado.<br \/>\nCaixa com um detalhe no canto superior esquerdo.<\/p>\n<hr data-start=\"1565\" data-end=\"1568\" \/>\n<h2 data-section-id=\"4yj982\" data-start=\"1570\" data-end=\"1584\">\ud83d\udeab POL\u00cdTICA<\/h2>\n<p data-start=\"1586\" data-end=\"1672\">Produto sob encomenda com prazo de envio em aproximadamente 60 dias ap\u00f3s a compra.<br data-start=\"1607\" data-end=\"1610\" \/>N\u00e3o realizamos trocas ou devolu\u00e7\u00f5es.<\/p>","protected":false},"excerpt":{"rendered":"<p>\u26a0\ufe0f SOBRE A EMBALAGEM A caixa pode apresentar amassados ou avarias devido ao transporte. N\u00e3o recomendamos para colecionadores que exigem caixa em perfeito estado. Caixa com um detalhe no canto superior esquerdo. \ud83d\udeab POL\u00cdTICA Produto sob encomenda com prazo de envio em aproximadamente 60 dias ap\u00f3s a compra.N\u00e3o realizamos trocas ou devolu\u00e7\u00f5es.<\/p>","protected":false},"featured_media":7815,"comment_status":"closed","ping_status":"closed","template":"","meta":[],"product_brand":[],"product_cat":[75],"product_tag":[38],"class_list":{"0":"post-7812","1":"product","2":"type-product","3":"status-publish","4":"has-post-thumbnail","6":"product_cat-venda-direta","7":"product_tag-encomenda","9":"first","10":"instock","11":"virtual","12":"purchasable","13":"product-type-simple"},"_links":{"self":[{"href":"https:\/\/pinkmalibu.com.br\/en\/wp-json\/wp\/v2\/product\/7812","targetHints":{"allow":["GET"]}}],"collection":[{"href":"https:\/\/pinkmalibu.com.br\/en\/wp-json\/wp\/v2\/product"}],"about":[{"href":"https:\/\/pinkmalibu.com.br\/en\/wp-json\/wp\/v2\/types\/product"}],"replies":[{"embeddable":true,"href":"https:\/\/pinkmalibu.com.br\/en\/wp-json\/wp\/v2\/comments?post=7812"}],"wp:featuredmedia":[{"embeddable":true,"href":"https:\/\/pinkmalibu.com.br\/en\/wp-json\/wp\/v2\/media\/7815"}],"wp:attachment":[{"href":"https:\/\/pinkmalibu.com.br\/en\/wp-json\/wp\/v2\/media?parent=7812"}],"wp:term":[{"taxonomy":"product_brand","embeddable":true,"href":"https:\/\/pinkmalibu.com.br\/en\/wp-json\/wp\/v2\/product_brand?post=7812"},{"taxonomy":"product_cat","embeddable":true,"href":"https:\/\/pinkmalibu.com.br\/en\/wp-json\/wp\/v2\/product_cat?post=7812"},{"taxonomy":"product_tag","embeddable":true,"href":"https:\/\/pinkmalibu.com.br\/en\/wp-json\/wp\/v2\/product_tag?post=7812"}],"curies":[{"name":"wp","href":"https:\/\/api.w.org\/{rel}","templated":true}]}}